{"id":8538,"date":"2023-08-31T15:36:11","date_gmt":"2023-08-31T14:36:11","guid":{"rendered":"https:\/\/adventure-bikerental.com\/informacion-particulares\/"},"modified":"2025-01-13T10:55:50","modified_gmt":"2025-01-13T09:55:50","slug":"informacin-particulars","status":"publish","type":"page","link":"https:\/\/adventure-bikerental.com\/ca\/informacin-particulars\/","title":{"rendered":"Informaci\u00f3 particulars"},"content":{"rendered":"\t\t<div data-elementor-type=\"wp-page\" data-elementor-id=\"8538\" class=\"elementor elementor-8538 elementor-2789\" data-elementor-post-type=\"page\">\n\t\t\t\t<div class=\"elementor-element elementor-element-538c22fa e-con-full e-flex e-con e-parent\" data-id=\"538c22fa\" data-element_type=\"container\" data-e-type=\"container\" data-settings=\"{&quot;background_background&quot;:&quot;classic&quot;}\">\n\t\t<div class=\"elementor-element elementor-element-664d3a0d e-flex e-con-boxed e-con e-child\" data-id=\"664d3a0d\" data-element_type=\"container\" data-e-type=\"container\">\n\t\t\t\t\t<div class=\"e-con-inner\">\n\t\t\t\t<div class=\"elementor-element elementor-element-407b574 elementor-widget__width-initial elementor-widget elementor-widget-heading\" data-id=\"407b574\" data-element_type=\"widget\" data-e-type=\"widget\" data-widget_type=\"heading.default\">\n\t\t\t\t<div class=\"elementor-widget-container\">\n\t\t\t\t\t<h1 class=\"elementor-heading-title elementor-size-default\">Informaci\u00f3<\/h1>\t\t\t\t<\/div>\n\t\t\t\t<\/div>\n\t\t\t\t\t<\/div>\n\t\t\t\t<\/div>\n\t\t\t\t<\/div>\n\t\t<div class=\"elementor-element elementor-element-69002dd e-flex e-con-boxed e-con e-parent\" data-id=\"69002dd\" data-element_type=\"container\" data-e-type=\"container\">\n\t\t\t\t\t<div class=\"e-con-inner\">\n\t\t<div class=\"elementor-element elementor-element-cd4eeb7 e-con-full e-flex e-con e-child\" data-id=\"cd4eeb7\" data-element_type=\"container\" data-e-type=\"container\">\n\t\t\t\t<div class=\"elementor-element elementor-element-a7ac600 elementor-widget elementor-widget-heading\" data-id=\"a7ac600\" data-element_type=\"widget\" data-e-type=\"widget\" data-widget_type=\"heading.default\">\n\t\t\t\t<div class=\"elementor-widget-container\">\n\t\t\t\t\t<h6 class=\"elementor-heading-title elementor-size-default\">ATREVEIX-TE A VIURE EXPERI\u00c8NCIES \u00daNIQUES I CREAR RECORDS INOBLIDABLES<\/h6>\t\t\t\t<\/div>\n\t\t\t\t<\/div>\n\t\t\t\t<\/div>\n\t\t\t\t\t<\/div>\n\t\t\t\t<\/div>\n\t\t<div class=\"elementor-element elementor-element-95468ec e-flex e-con-boxed e-con e-parent\" data-id=\"95468ec\" data-element_type=\"container\" data-e-type=\"container\" data-settings=\"{&quot;background_background&quot;:&quot;classic&quot;}\">\n\t\t\t\t\t<div class=\"e-con-inner\">\n\t\t<div class=\"elementor-element elementor-element-91c11d7 e-con-full e-flex e-con e-child\" data-id=\"91c11d7\" data-element_type=\"container\" data-e-type=\"container\">\n\t\t\t\t<div class=\"elementor-element elementor-element-5ace80b elementor-widget elementor-widget-heading\" data-id=\"5ace80b\" data-element_type=\"widget\" data-e-type=\"widget\" data-widget_type=\"heading.default\">\n\t\t\t\t<div class=\"elementor-widget-container\">\n\t\t\t\t\t<h2 class=\"elementor-heading-title elementor-size-default\">Proc\u00e9s de compra<\/h2>\t\t\t\t<\/div>\n\t\t\t\t<\/div>\n\t\t\t\t<div class=\"elementor-element elementor-element-e7b5fac elementor-widget__width-initial elementor-widget elementor-widget-text-editor\" data-id=\"e7b5fac\" data-element_type=\"widget\" data-e-type=\"widget\" data-widget_type=\"text-editor.default\">\n\t\t\t\t<div class=\"elementor-widget-container\">\n\t\t\t\t\t\t\t\t\t<p><strong><span>Reserva<\/span><\/strong><\/p><p><span>Reserva la teva bicicleta a llogar juntament amb la resta de complements necessaris per gaudir de la teva bicicleta al m\u00e0xim. Per a cada bicicleta a reservar cal una reserva individual. \u00c9s possible que un mateix usuari faci diverses reserves. La reserva nom\u00e9s queda formalitzada amb el pagament total de la reserva.<\/span><\/p><ul><li><span>Informa el teu usuari i contrasenya o registra&#8217;t. (Si despr\u00e9s de fer la compra s&#8217;elimina l&#8217;usuari autom\u00e0ticament s&#8217;efectua la devoluci\u00f3 restant un 2% de comissi\u00f3 de targeta).<\/span><\/li><li><span>Seleccioneu el model de bici a l&#8217;apartat \u00abLlogar\u00bb.<\/span><\/li><li><span>Escull els complements desitjats.<\/span><\/li><li><span>Digues-nos en quines dates gaudir\u00e0s de la bici i fes clic a \u00abConsultar disponibilitat\u00bb.<\/span><\/li><li><span>Les reserves per dissabte i diumenge nom\u00e9s estaran disponibles per a dos dies. La reserva no quedar\u00e0 formalitzada nom\u00e9s per a un dels dos dies.<\/span><\/li><li><span>T&#8217;informar\u00e0 si la bici est\u00e0 disponible en aquestes dates i fes clic a \u00abReservar\u00bb.<\/span><\/li><li><span>Llegeix i accepta el contracte. Tamb\u00e9 podeu descarregar i\/o imprimir el contracte. Per a qualsevol error en aquest punt podeu acabar la reserva i posar-vos en contacte amb nosaltres posteriorment.<\/span><\/li><li><span>Per facilitar el lliurament de la bici a la teva mida ens agradaria que ens indiquessis el teu pes i al\u00e7ada. Si ho prefereixes, tamb\u00e9 pots no indicar les mesures.<\/span><\/li><li><span>Escolliu la forma de pagament i feu clic a \u00abRealitza la comanda\u00bb.<\/span><\/li><\/ul><p><strong><span>Pagament<\/span><\/strong><\/p><ul><li><span>La forma de pagament \u00e9s mitjan\u00e7ant transfer\u00e8ncia banc\u00e0ria, o pagament a la botiga (Bike Taller a Avinguda Maria Fortuny, 12-14 de Reus 43204 )<\/span><\/li><li><span>Perqu\u00e8 la reserva sigui efectiva ha d&#8217;estar pagada abans del lliurament de la bicicleta.<\/span><\/li><li><span>Les compres fetes a la nostra web s\u00f3n completament segures: les teves dades personals i banc\u00e0ries queden protegides i no s\u00f3n accessibles a persones no autoritzades a cap moment del proc\u00e9s.<\/span><\/li><\/ul><p><strong><span>Facturaci\u00f3<\/span><\/strong><\/p><p><span>Mitjan\u00e7ant el correu electr\u00f2nic facilitat en el proc\u00e9s de registre s&#8217;adjuntar\u00e0 la factura.<\/span><\/p><p><strong><span>Cancel\u00b7lacions<\/span><\/strong><\/p><ul><li><b><span>Rutes Guiades:<\/span><\/b><span>\u00a0A l&#8217;import del producte a tornar cal restar l&#8217;import de la comissi\u00f3 per cancel\u00b7laci\u00f3 que seria la seg\u00fcent: Des de la data de la reserva fins a 90 dies abans la comissi\u00f3 \u00e9s del 30%, Des del dia 89 al dia de la ruta el import de la comissi\u00f3 \u00e9s del 100% del valor del producte. En qualsevol cas i sota disponibilitat, es podr\u00e0 canviar la data amb una caducitat de 1 any.<\/span><\/li><li><b><span>Bicicletes:<\/span><\/b><span>\u00a0A l&#8217;import del producte a tornar cal restar l&#8217;import de la comissi\u00f3 per cancel\u00b7laci\u00f3 que seria la seg\u00fcent: Des de la data de la reserva fins a 30 dies abans del principi del lloguer, la comissi\u00f3 \u00e9s del 10%, des del dia 29 al dia 15 la comissi\u00f3 \u00e9s de 20%, del 14 al 6 la comissi\u00f3 \u00e9s del 25% i des del 5 al dia al mateix dia del lloguer \u00e9s del 100%. En qualsevol cas i sota disponibilitat, es podr\u00e0 canviar la data amb una caducitat de 1 any.<\/span><\/li><li><b><span>Fian\u00e7a:<\/span><\/b><span>\u00a0L&#8217;import que cal tornar \u00e9s del 100% del valor de la fian\u00e7a.<\/span><\/li><li><b><span>Transport:<\/span><\/b><span>\u00a0Fins a 48 hores abans del trasllat, l&#8217;import a tornar \u00e9s del 100% del valor del transport.<\/span><\/li><\/ul><div><p><span>Asseguran\u00e7a trencament accidental de la bicicleta<\/span><\/p><p><span>L&#8217;import de l&#8217;asseguran\u00e7a a pagar ser\u00e0 informat al moment de la reserva i ha de quedar pagat perqu\u00e8 tingui validesa. La mateixa asseguran\u00e7a inclou nom\u00e9s el trencament accidental de la bicicleta i nom\u00e9s quan el valor de la reparaci\u00f3 no superi els 250\u20ac iva incl\u00f2s (21%). L&#8217;import nom\u00e9s \u00e9s aplicable al valor de peces a substituir o reparar ia la m\u00e0 d&#8217;obra de reparaci\u00f3 o substituci\u00f3 de pe\u00e7a nova. En cap cas l&#8217;import ser\u00e0 aplicable a l&#8217;import del trasllat d&#8217;una bicicleta de substituci\u00f3 (si fos el cas segons disponibilitat de substituci\u00f3), que ser\u00e0 facturat segons el preu per quil\u00f2metre estipulat a la web.<\/span><\/p><p><span>El valor de la reparaci\u00f3 que superi els 250\u20ac iva incl\u00f2s (21%) s&#8217;haur\u00e0 d&#8217;abonar mitjan\u00e7ant transfer\u00e8ncia al compte bancari indicat al moment de l&#8217;enviament de la factura.<\/span><\/p><\/div>\t\t\t\t\t\t\t\t<\/div>\n\t\t\t\t<\/div>\n\t\t\t\t<\/div>\n\t\t\t\t\t<\/div>\n\t\t\t\t<\/div>\n\t\t<div class=\"elementor-element elementor-element-5295322 e-flex e-con-boxed e-con e-parent\" data-id=\"5295322\" data-element_type=\"container\" data-e-type=\"container\" data-settings=\"{&quot;background_background&quot;:&quot;classic&quot;}\">\n\t\t\t\t\t<div class=\"e-con-inner\">\n\t\t<div class=\"elementor-element elementor-element-68aaeab e-con-full e-flex e-con e-child\" data-id=\"68aaeab\" data-element_type=\"container\" data-e-type=\"container\">\n\t\t\t\t<div class=\"elementor-element elementor-element-53fa00d elementor-widget elementor-widget-heading\" data-id=\"53fa00d\" data-element_type=\"widget\" data-e-type=\"widget\" data-widget_type=\"heading.default\">\n\t\t\t\t<div class=\"elementor-widget-container\">\n\t\t\t\t\t<h2 class=\"elementor-heading-title elementor-size-default\">Preguntes freq\u00fcents\n<\/h2>\t\t\t\t<\/div>\n\t\t\t\t<\/div>\n\t\t\t\t<div class=\"elementor-element elementor-element-260a343 elementor-widget__width-initial elementor-widget elementor-widget-text-editor\" data-id=\"260a343\" data-element_type=\"widget\" data-e-type=\"widget\" data-widget_type=\"text-editor.default\">\n\t\t\t\t<div class=\"elementor-widget-container\">\n\t\t\t\t\t\t\t\t\t<div class=\"elementor-element elementor-element-260a343 elementor-widget__width-initial elementor-widget elementor-widget-text-editor is-mac\" data-id=\"260a343\" data-element_type=\"widget\" data-widget_type=\"text-editor.default\"><div class=\"elementor-widget-container\"><p><strong><span>QU\u00c8 INCLOU LA RESERVA?<\/span><\/strong><\/p><ul><li><span>El lloguer de la bici en les condicions i les dates indicades.<\/span><\/li><li><span>Lloguer del casc per al ciclista, que \u00e9s opcional.<\/span><\/li><li><span>Pots triar entre diferents tipus de pedals: Plataforma, mixta o autom\u00e0tica. Fins i tot si ho prefereixes pots portar els pedals i els muntem. Indica-ho en el moment de la reserva.<\/span><\/li><li><span>Bossa de sell\u00f3 amb cambra de bici, desmuntables i kit anti punxades.<\/span><\/li><li><span>Portabid\u00f3 i bid\u00f3 daigua, amb c\u00e0rrega daigua.<\/span><\/li><li><span>Bomba daire.<\/span><\/li><li><span>Cadenat.<\/span><\/li><\/ul><p><strong><span>QU\u00c8 PORTAR PER A RECOLLIR LA MEVA BICI?<\/span><\/strong><\/p><ul><li><span>DNI \/ NIE \/ Passaport<\/span><\/li><li><span>Signar el contracte que pr\u00e8viament acceptat al moment de la compra. Ho facilitar\u00e0 Adventur Bike Rental<\/span><\/li><li><span>Signar el document de protecci\u00f3 de dades.<\/span><\/li><li><span>Fian\u00e7a de 100\u20ac a dipositar mitjan\u00e7ant targeta banc\u00e0ria al TPV f\u00edsic a la botiga.<\/span><\/li><\/ul><p><strong><span>I SI TAMB\u00c9 FAIG UNA RESERVA D&#8217;ALLOTJAMENT?<\/span><\/strong><\/p><ul><li><span>Has d&#8217;escollir l&#8217;allotjament i emplenar les dades necess\u00e0ries per a la reserva pr\u00e8via de l&#8217;allotjament, en el mateix proc\u00e9s de compra.<\/span><\/li><li><span>Tingues en compte que totes les dades que ens facilitis s&#8217;enviaran a l&#8217;hotel que hagis seleccionat i ells es posaran en contacte amb tu per formalitzar la reserva.<\/span><\/li><li><span>El fet de fer la reserva a la nostra web, no garanteix la reserva, ja que amb nosaltres nom\u00e9s es fa una pre-reserva i \u00e9s l&#8217;hotel qui formalitza la reserva directament amb el client.<\/span><\/li><\/ul><\/div><\/div><div class=\"elementor-element elementor-element-5000f11 elementor-widget elementor-widget-heading is-mac\" data-id=\"5000f11\" data-element_type=\"widget\" data-widget_type=\"heading.default\"><div class=\"elementor-widget-container\">\u00a0<\/div><\/div>\t\t\t\t\t\t\t\t<\/div>\n\t\t\t\t<\/div>\n\t\t\t\t<div class=\"elementor-element elementor-element-5000f11 elementor-widget elementor-widget-heading\" data-id=\"5000f11\" data-element_type=\"widget\" data-e-type=\"widget\" data-widget_type=\"heading.default\">\n\t\t\t\t<div class=\"elementor-widget-container\">\n\t\t\t\t\t<h6 class=\"elementor-heading-title elementor-size-default\">ATREVEIX-TE A VIURE EXPERI\u00c8NCIES \u00daNIQUES I CREAR RECORDS INOBLIDABLES<\/h6>\t\t\t\t<\/div>\n\t\t\t\t<\/div>\n\t\t\t\t<\/div>\n\t\t\t\t\t<\/div>\n\t\t\t\t<\/div>\n\t\t\t\t<\/div>\n\t\t","protected":false},"excerpt":{"rendered":"<p>Informaci\u00f3 ATREVEIX-TE A VIURE EXPERI\u00c8NCIES \u00daNIQUES I CREAR RECORDS INOBLIDABLES Proc\u00e9s de compra Reserva Reserva la teva bicicleta a llogar juntament amb la resta de complements necessaris per gaudir de la teva bicicleta al m\u00e0xim. Per a cada bicicleta a reservar cal una reserva individual. \u00c9s possible que un mateix usuari faci diverses reserves. La [&hellip;]<\/p>\n","protected":false},"author":1,"featured_media":0,"parent":0,"menu_order":0,"comment_status":"closed","ping_status":"closed","template":"","meta":{"site-sidebar-layout":"no-sidebar","site-content-layout":"page-builder","ast-site-content-layout":"default","site-content-style":"default","site-sidebar-style":"default","ast-global-header-display":"","ast-banner-title-visibility":"","ast-main-header-display":"","ast-hfb-above-header-display":"","ast-hfb-below-header-display":"","ast-hfb-mobile-header-display":"","site-post-title":"disabled","ast-breadcrumbs-content":"","ast-featured-img":"disabled","footer-sml-layout":"","ast-disable-related-posts":"","theme-transparent-header-meta":"","adv-header-id-meta":"","stick-header-meta":"","header-above-stick-meta":"","header-main-stick-meta":"","header-below-stick-meta":"","astra-migrate-meta-layouts":"default","ast-page-background-enabled":"default","ast-page-background-meta":{"desktop":{"background-color":"var(--ast-global-color-4)","background-image":"","background-repeat":"repeat","background-position":"center center","background-size":"auto","background-attachment":"scroll","background-type":"","background-media":"","overlay-type":"","overlay-color":"","overlay-opacity":"","overlay-gradient":""},"tablet":{"background-color":"","background-image":"","background-repeat":"repeat","background-position":"center center","background-size":"auto","background-attachment":"scroll","background-type":"","background-media":"","overlay-type":"","overlay-color":"","overlay-opacity":"","overlay-gradient":""},"mobile":{"background-color":"","background-image":"","background-repeat":"repeat","background-position":"center center","background-size":"auto","background-attachment":"scroll","background-type":"","background-media":"","overlay-type":"","overlay-color":"","overlay-opacity":"","overlay-gradient":""}},"ast-content-background-meta":{"desktop":{"background-color":"var(--ast-global-color-5)","background-image":"","background-repeat":"repeat","background-position":"center center","background-size":"auto","background-attachment":"scroll","background-type":"","background-media":"","overlay-type":"","overlay-color":"","overlay-opacity":"","overlay-gradient":""},"tablet":{"background-color":"var(--ast-global-color-5)","background-image":"","background-repeat":"repeat","background-position":"center center","background-size":"auto","background-attachment":"scroll","background-type":"","background-media":"","overlay-type":"","overlay-color":"","overlay-opacity":"","overlay-gradient":""},"mobile":{"background-color":"var(--ast-global-color-5)","background-image":"","background-repeat":"repeat","background-position":"center center","background-size":"auto","background-attachment":"scroll","background-type":"","background-media":"","overlay-type":"","overlay-color":"","overlay-opacity":"","overlay-gradient":""}},"_joinchat":[],"footnotes":""},"class_list":["post-8538","page","type-page","status-publish","hentry"],"jetpack_sharing_enabled":true,"_links":{"self":[{"href":"https:\/\/adventure-bikerental.com\/ca\/wp-json\/wp\/v2\/pages\/8538","targetHints":{"allow":["GET"]}}],"collection":[{"href":"https:\/\/adventure-bikerental.com\/ca\/wp-json\/wp\/v2\/pages"}],"about":[{"href":"https:\/\/adventure-bikerental.com\/ca\/wp-json\/wp\/v2\/types\/page"}],"author":[{"embeddable":true,"href":"https:\/\/adventure-bikerental.com\/ca\/wp-json\/wp\/v2\/users\/1"}],"replies":[{"embeddable":true,"href":"https:\/\/adventure-bikerental.com\/ca\/wp-json\/wp\/v2\/comments?post=8538"}],"version-history":[{"count":4,"href":"https:\/\/adventure-bikerental.com\/ca\/wp-json\/wp\/v2\/pages\/8538\/revisions"}],"predecessor-version":[{"id":8662,"href":"https:\/\/adventure-bikerental.com\/ca\/wp-json\/wp\/v2\/pages\/8538\/revisions\/8662"}],"wp:attachment":[{"href":"https:\/\/adventure-bikerental.com\/ca\/wp-json\/wp\/v2\/media?parent=8538"}],"curies":[{"name":"wp","href":"https:\/\/api.w.org\/{rel}","templated":true}]}}