{"id":8505,"date":"2023-09-18T15:25:01","date_gmt":"2023-09-18T14:25:01","guid":{"rendered":"https:\/\/adventure-bikerental.com\/mondraker-chaser-29\/"},"modified":"2026-04-14T14:15:34","modified_gmt":"2026-04-14T13:15:34","slug":"cannondale-moterra-4","status":"publish","type":"page","link":"https:\/\/adventure-bikerental.com\/ca\/cannondale-moterra-4\/","title":{"rendered":"B-CANNONDALE MOTERRA 4 +"},"content":{"rendered":"\t\t<div data-elementor-type=\"wp-page\" data-elementor-id=\"8505\" class=\"elementor elementor-8505 elementor-3441\" data-elementor-post-type=\"page\">\n\t\t\t\t<div class=\"elementor-element elementor-element-38a5726b e-con-full e-flex e-con e-parent\" data-id=\"38a5726b\" data-element_type=\"container\" data-e-type=\"container\" data-settings=\"{&quot;background_background&quot;:&quot;classic&quot;}\">\n\t\t<div class=\"elementor-element elementor-element-172cc369 e-flex e-con-boxed e-con e-child\" data-id=\"172cc369\" data-element_type=\"container\" data-e-type=\"container\">\n\t\t\t\t\t<div class=\"e-con-inner\">\n\t\t\t\t<div class=\"elementor-element elementor-element-73440036 elementor-widget__width-initial elementor-widget elementor-widget-heading\" data-id=\"73440036\" data-element_type=\"widget\" data-e-type=\"widget\" data-widget_type=\"heading.default\">\n\t\t\t\t<div class=\"elementor-widget-container\">\n\t\t\t\t\t<h1 class=\"elementor-heading-title elementor-size-default\">CANNONDALE MOTERRA 4 +<\/h1>\t\t\t\t<\/div>\n\t\t\t\t<\/div>\n\t\t\t\t\t<\/div>\n\t\t\t\t<\/div>\n\t\t\t\t<\/div>\n\t\t<div class=\"elementor-element elementor-element-69002dd e-flex e-con-boxed e-con e-parent\" data-id=\"69002dd\" data-element_type=\"container\" data-e-type=\"container\">\n\t\t\t\t\t<div class=\"e-con-inner\">\n\t\t<div class=\"elementor-element elementor-element-cd4eeb7 e-con-full e-flex e-con e-child\" data-id=\"cd4eeb7\" data-element_type=\"container\" data-e-type=\"container\">\n\t\t<div class=\"elementor-element elementor-element-e203126 e-flex e-con-boxed e-con e-child\" data-id=\"e203126\" data-element_type=\"container\" data-e-type=\"container\">\n\t\t\t\t\t<div class=\"e-con-inner\">\n\t\t\t\t<div class=\"elementor-element elementor-element-ef60d12 elementor-widget elementor-widget-image\" data-id=\"ef60d12\" data-element_type=\"widget\" data-e-type=\"widget\" data-widget_type=\"image.default\">\n\t\t\t\t<div class=\"elementor-widget-container\">\n\t\t\t\t\t\t\t\t\t\t\t\t\t\t\t<img fetchpriority=\"high\" decoding=\"async\" width=\"1024\" height=\"566\" src=\"https:\/\/adventure-bikerental.com\/wp-content\/uploads\/2026\/04\/C26_C6552GU_Moterra_4_ID_OBS_PD-1-1024x566.webp\" class=\"attachment-large size-large wp-image-12166\" alt=\"\" srcset=\"https:\/\/adventure-bikerental.com\/wp-content\/uploads\/2026\/04\/C26_C6552GU_Moterra_4_ID_OBS_PD-1-1024x566.webp 1024w, https:\/\/adventure-bikerental.com\/wp-content\/uploads\/2026\/04\/C26_C6552GU_Moterra_4_ID_OBS_PD-1-300x166.webp 300w, https:\/\/adventure-bikerental.com\/wp-content\/uploads\/2026\/04\/C26_C6552GU_Moterra_4_ID_OBS_PD-1-768x425.webp 768w, https:\/\/adventure-bikerental.com\/wp-content\/uploads\/2026\/04\/C26_C6552GU_Moterra_4_ID_OBS_PD-1-1536x849.webp 1536w, https:\/\/adventure-bikerental.com\/wp-content\/uploads\/2026\/04\/C26_C6552GU_Moterra_4_ID_OBS_PD-1-2048x1132.webp 2048w, https:\/\/adventure-bikerental.com\/wp-content\/uploads\/2026\/04\/C26_C6552GU_Moterra_4_ID_OBS_PD-1-600x332.webp 600w\" sizes=\"(max-width: 1024px) 100vw, 1024px\" \/>\t\t\t\t\t\t\t\t\t\t\t\t\t\t\t<\/div>\n\t\t\t\t<\/div>\n\t\t\t\t\t<\/div>\n\t\t\t\t<\/div>\n\t\t<div class=\"elementor-element elementor-element-3a6e5aa e-flex e-con-boxed e-con e-child\" data-id=\"3a6e5aa\" data-element_type=\"container\" data-e-type=\"container\">\n\t\t\t\t\t<div class=\"e-con-inner\">\n\t\t\t\t<div class=\"elementor-element elementor-element-384530a elementor-widget elementor-widget-heading\" data-id=\"384530a\" data-element_type=\"widget\" data-e-type=\"widget\" data-widget_type=\"heading.default\">\n\t\t\t\t<div class=\"elementor-widget-container\">\n\t\t\t\t\t<h2 class=\"elementor-heading-title elementor-size-default\"><p style=\"margin: 0px;white-space: normal\"><b>CANNONDALE MOTERRA 4 +<\/b><span style=\"font-family: Poppins, sans-serif;font-size: 30px;font-style: inherit;white-space: pre-wrap\"><\/span><\/p><\/h2>\t\t\t\t<\/div>\n\t\t\t\t<\/div>\n\t\t<div class=\"elementor-element elementor-element-0d1a6c0 e-flex e-con-boxed e-con e-child\" data-id=\"0d1a6c0\" data-element_type=\"container\" data-e-type=\"container\">\n\t\t\t\t\t<div class=\"e-con-inner\">\n\t\t\t\t<div class=\"elementor-element elementor-element-cce6dab elementor-widget__width-initial elementor-widget elementor-widget-heading\" data-id=\"cce6dab\" data-element_type=\"widget\" data-e-type=\"widget\" data-widget_type=\"heading.default\">\n\t\t\t\t<div class=\"elementor-widget-container\">\n\t\t\t\t\t<h2 class=\"elementor-heading-title elementor-size-default\">80 \u20ac<\/h2>\t\t\t\t<\/div>\n\t\t\t\t<\/div>\n\t\t\t\t<div class=\"elementor-element elementor-element-de27323 elementor-widget__width-initial elementor-widget elementor-widget-heading\" data-id=\"de27323\" data-element_type=\"widget\" data-e-type=\"widget\" data-widget_type=\"heading.default\">\n\t\t\t\t<div class=\"elementor-widget-container\">\n\t\t\t\t\t<h2 class=\"elementor-heading-title elementor-size-default\">por d\u00eda<\/h2>\t\t\t\t<\/div>\n\t\t\t\t<\/div>\n\t\t\t\t\t<\/div>\n\t\t\t\t<\/div>\n\t\t\t\t<div class=\"elementor-element elementor-element-cca48fe elementor-widget elementor-widget-text-editor\" data-id=\"cca48fe\" data-element_type=\"widget\" data-e-type=\"widget\" data-widget_type=\"text-editor.default\">\n\t\t\t\t<div class=\"elementor-widget-container\">\n\t\t\t\t\t\t\t\t\t<p>La bicicleta de monta\u00f1a perfecta para terrenos desafiantes: cuadro de aluminio resistente y ligero, geometr\u00eda moderna para estabilidad y agilidad, ruedas de 29 pulgadas para mayor tracci\u00f3n, suspensi\u00f3n de 160 mm para descensos suaves y motor Bosch Performance Line CX para asistencia en el ascenso.\u00a0<\/p><p>Si buscas una bicicleta de monta\u00f1a capaz de enfrentar los desaf\u00edos m\u00e1s exigentes y disfrutar al m\u00e1ximo con total seguridad, es la elecci\u00f3n perfecta para ti.<\/p>\t\t\t\t\t\t\t\t<\/div>\n\t\t\t\t<\/div>\n\t\t\t\t\t<\/div>\n\t\t\t\t<\/div>\n\t\t\t\t<\/div>\n\t\t<div class=\"elementor-element elementor-element-5a41558 e-con-full e-flex e-con e-child\" data-id=\"5a41558\" data-element_type=\"container\" data-e-type=\"container\">\n\t\t<div class=\"elementor-element elementor-element-a0e2e36 e-flex e-con-boxed e-con e-child\" data-id=\"a0e2e36\" data-element_type=\"container\" data-e-type=\"container\">\n\t\t\t\t\t<div class=\"e-con-inner\">\n\t\t\t\t<div class=\"elementor-element elementor-element-ad430ae elementor-widget elementor-widget-heading\" data-id=\"ad430ae\" data-element_type=\"widget\" data-e-type=\"widget\" data-widget_type=\"heading.default\">\n\t\t\t\t<div class=\"elementor-widget-container\">\n\t\t\t\t\t<h2 class=\"elementor-heading-title elementor-size-default\">Elige tu talla<\/h2>\t\t\t\t<\/div>\n\t\t\t\t<\/div>\n\t\t<div class=\"elementor-element elementor-element-a236802 e-grid e-con-boxed e-con e-child\" data-id=\"a236802\" data-element_type=\"container\" data-e-type=\"container\">\n\t\t\t\t\t<div class=\"e-con-inner\">\n\t\t\t\t<div class=\"elementor-element elementor-element-dbd5cc1 elementor-widget elementor-widget-button\" data-id=\"dbd5cc1\" data-element_type=\"widget\" data-e-type=\"widget\" data-widget_type=\"button.default\">\n\t\t\t\t<div class=\"elementor-widget-container\">\n\t\t\t\t\t\t\t\t\t<div class=\"elementor-button-wrapper\">\n\t\t\t\t\t<a class=\"elementor-button elementor-button-link elementor-size-sm\" href=\"https:\/\/adventure-bikerental.com\/ca\/producto\/cannondake-moterra-4-s\/\">\n\t\t\t\t\t\t<span class=\"elementor-button-content-wrapper\">\n\t\t\t\t\t\t\t\t\t<span class=\"elementor-button-text\">S<\/span>\n\t\t\t\t\t<\/span>\n\t\t\t\t\t<\/a>\n\t\t\t\t<\/div>\n\t\t\t\t\t\t\t\t<\/div>\n\t\t\t\t<\/div>\n\t\t\t\t<div class=\"elementor-element elementor-element-8958fe1 elementor-widget elementor-widget-button\" data-id=\"8958fe1\" data-element_type=\"widget\" data-e-type=\"widget\" data-widget_type=\"button.default\">\n\t\t\t\t<div class=\"elementor-widget-container\">\n\t\t\t\t\t\t\t\t\t<div class=\"elementor-button-wrapper\">\n\t\t\t\t\t<a class=\"elementor-button elementor-button-link elementor-size-sm\" href=\"https:\/\/adventure-bikerental.com\/ca\/producto\/cannondake-moterra-4-m\/\">\n\t\t\t\t\t\t<span class=\"elementor-button-content-wrapper\">\n\t\t\t\t\t\t\t\t\t<span class=\"elementor-button-text\">M<\/span>\n\t\t\t\t\t<\/span>\n\t\t\t\t\t<\/a>\n\t\t\t\t<\/div>\n\t\t\t\t\t\t\t\t<\/div>\n\t\t\t\t<\/div>\n\t\t\t\t<div class=\"elementor-element elementor-element-82cf401 elementor-widget elementor-widget-button\" data-id=\"82cf401\" data-element_type=\"widget\" data-e-type=\"widget\" data-widget_type=\"button.default\">\n\t\t\t\t<div class=\"elementor-widget-container\">\n\t\t\t\t\t\t\t\t\t<div class=\"elementor-button-wrapper\">\n\t\t\t\t\t<a class=\"elementor-button elementor-button-link elementor-size-sm\" href=\"https:\/\/adventure-bikerental.com\/ca\/producto\/cannondake-moterra-4-l\/\">\n\t\t\t\t\t\t<span class=\"elementor-button-content-wrapper\">\n\t\t\t\t\t\t\t\t\t<span class=\"elementor-button-text\">L<\/span>\n\t\t\t\t\t<\/span>\n\t\t\t\t\t<\/a>\n\t\t\t\t<\/div>\n\t\t\t\t\t\t\t\t<\/div>\n\t\t\t\t<\/div>\n\t\t\t\t<div class=\"elementor-element elementor-element-b44283d elementor-widget elementor-widget-button\" data-id=\"b44283d\" data-element_type=\"widget\" data-e-type=\"widget\" data-widget_type=\"button.default\">\n\t\t\t\t<div class=\"elementor-widget-container\">\n\t\t\t\t\t\t\t\t\t<div class=\"elementor-button-wrapper\">\n\t\t\t\t\t<a class=\"elementor-button elementor-button-link elementor-size-sm\" href=\"https:\/\/adventure-bikerental.com\/ca\/producto\/cannondake-moterra-4-xl\/\">\n\t\t\t\t\t\t<span class=\"elementor-button-content-wrapper\">\n\t\t\t\t\t\t\t\t\t<span class=\"elementor-button-text\">XL<\/span>\n\t\t\t\t\t<\/span>\n\t\t\t\t\t<\/a>\n\t\t\t\t<\/div>\n\t\t\t\t\t\t\t\t<\/div>\n\t\t\t\t<\/div>\n\t\t\t\t\t<\/div>\n\t\t\t\t<\/div>\n\t\t\t\t<div class=\"elementor-element elementor-element-d984024 elementor-widget elementor-widget-image\" data-id=\"d984024\" data-element_type=\"widget\" data-e-type=\"widget\" data-widget_type=\"image.default\">\n\t\t\t\t<div class=\"elementor-widget-container\">\n\t\t\t\t\t\t\t\t\t\t\t\t\t\t\t<img decoding=\"async\" width=\"1784\" height=\"446\" src=\"https:\/\/adventure-bikerental.com\/wp-content\/uploads\/2026\/04\/Captura-de-Pantalla-2026-03-23-a-las-16.57.06.png\" class=\"attachment-full size-full wp-image-12283\" alt=\"\" srcset=\"https:\/\/adventure-bikerental.com\/wp-content\/uploads\/2026\/04\/Captura-de-Pantalla-2026-03-23-a-las-16.57.06.png 1784w, https:\/\/adventure-bikerental.com\/wp-content\/uploads\/2026\/04\/Captura-de-Pantalla-2026-03-23-a-las-16.57.06-300x75.png 300w, https:\/\/adventure-bikerental.com\/wp-content\/uploads\/2026\/04\/Captura-de-Pantalla-2026-03-23-a-las-16.57.06-1024x256.png 1024w, https:\/\/adventure-bikerental.com\/wp-content\/uploads\/2026\/04\/Captura-de-Pantalla-2026-03-23-a-las-16.57.06-768x192.png 768w, https:\/\/adventure-bikerental.com\/wp-content\/uploads\/2026\/04\/Captura-de-Pantalla-2026-03-23-a-las-16.57.06-1536x384.png 1536w, https:\/\/adventure-bikerental.com\/wp-content\/uploads\/2026\/04\/Captura-de-Pantalla-2026-03-23-a-las-16.57.06-600x150.png 600w\" sizes=\"(max-width: 1784px) 100vw, 1784px\" \/>\t\t\t\t\t\t\t\t\t\t\t\t\t\t\t<\/div>\n\t\t\t\t<\/div>\n\t\t\t\t\t<\/div>\n\t\t\t\t<\/div>\n\t\t<div class=\"elementor-element elementor-element-d8e3d04 e-flex e-con-boxed e-con e-child\" data-id=\"d8e3d04\" data-element_type=\"container\" data-e-type=\"container\">\n\t\t\t\t\t<div class=\"e-con-inner\">\n\t\t\t\t<div class=\"elementor-element elementor-element-0ff0237 elementor-arrows-position-inside elementor-pagination-position-outside elementor-widget elementor-widget-image-carousel\" data-id=\"0ff0237\" data-element_type=\"widget\" data-e-type=\"widget\" data-settings=\"{&quot;slides_to_show&quot;:&quot;3&quot;,&quot;image_spacing_custom&quot;:{&quot;unit&quot;:&quot;px&quot;,&quot;size&quot;:26,&quot;sizes&quot;:[]},&quot;navigation&quot;:&quot;both&quot;,&quot;autoplay&quot;:&quot;yes&quot;,&quot;pause_on_hover&quot;:&quot;yes&quot;,&quot;pause_on_interaction&quot;:&quot;yes&quot;,&quot;autoplay_speed&quot;:5000,&quot;infinite&quot;:&quot;yes&quot;,&quot;speed&quot;:500,&quot;image_spacing_custom_tablet&quot;:{&quot;unit&quot;:&quot;px&quot;,&quot;size&quot;:&quot;&quot;,&quot;sizes&quot;:[]},&quot;image_spacing_custom_mobile&quot;:{&quot;unit&quot;:&quot;px&quot;,&quot;size&quot;:&quot;&quot;,&quot;sizes&quot;:[]}}\" data-widget_type=\"image-carousel.default\">\n\t\t\t\t<div class=\"elementor-widget-container\">\n\t\t\t\t\t\t\t<div class=\"elementor-image-carousel-wrapper swiper\" role=\"region\" aria-roledescription=\"carousel\" aria-label=\"Carrusel de im\u00e1genes\" dir=\"ltr\">\n\t\t\t<div class=\"elementor-image-carousel swiper-wrapper\" aria-live=\"off\">\n\t\t\t\t\t\t\t\t<div class=\"swiper-slide\" role=\"group\" aria-roledescription=\"slide\" aria-label=\"1 de 4\"><figure class=\"swiper-slide-inner\"><img decoding=\"async\" class=\"swiper-slide-image\" src=\"https:\/\/adventure-bikerental.com\/wp-content\/uploads\/2026\/04\/C26_C6552GU_Moterra_4_ID_OBS_D5.webp\" alt=\"C26_C6552GU_Moterra_4_ID_OBS_D5\" \/><\/figure><\/div><div class=\"swiper-slide\" role=\"group\" aria-roledescription=\"slide\" aria-label=\"2 de 4\"><figure class=\"swiper-slide-inner\"><img decoding=\"async\" class=\"swiper-slide-image\" src=\"https:\/\/adventure-bikerental.com\/wp-content\/uploads\/2026\/04\/C26_C6552GU_Moterra_4_ID_OBS_D3.webp\" alt=\"C26_C6552GU_Moterra_4_ID_OBS_D3\" \/><\/figure><\/div><div class=\"swiper-slide\" role=\"group\" aria-roledescription=\"slide\" aria-label=\"3 de 4\"><figure class=\"swiper-slide-inner\"><img decoding=\"async\" class=\"swiper-slide-image\" src=\"https:\/\/adventure-bikerental.com\/wp-content\/uploads\/2026\/04\/C26_C6552GU_Moterra_4_ID_OBS_D2.webp\" alt=\"C26_C6552GU_Moterra_4_ID_OBS_D2\" \/><\/figure><\/div><div class=\"swiper-slide\" role=\"group\" aria-roledescription=\"slide\" aria-label=\"4 de 4\"><figure class=\"swiper-slide-inner\"><img decoding=\"async\" class=\"swiper-slide-image\" src=\"https:\/\/adventure-bikerental.com\/wp-content\/uploads\/2026\/04\/C26_C6552GU_Moterra_4_ID_OBS_D1.webp\" alt=\"C26_C6552GU_Moterra_4_ID_OBS_D1\" \/><\/figure><\/div>\t\t\t<\/div>\n\t\t\t\t\t\t\t\t\t\t\t\t<div class=\"elementor-swiper-button elementor-swiper-button-prev\" role=\"button\" tabindex=\"0\">\n\t\t\t\t\t\t<svg aria-hidden=\"true\" class=\"e-font-icon-svg e-eicon-chevron-left\" viewBox=\"0 0 1000 1000\" xmlns=\"http:\/\/www.w3.org\/2000\/svg\"><path d=\"M646 125C629 125 613 133 604 142L308 442C296 454 292 471 292 487 292 504 296 521 308 533L604 854C617 867 629 875 646 875 663 875 679 871 692 858 704 846 713 829 713 812 713 796 708 779 692 767L438 487 692 225C700 217 708 204 708 187 708 171 704 154 692 142 675 129 663 125 646 125Z\"><\/path><\/svg>\t\t\t\t\t<\/div>\n\t\t\t\t\t<div class=\"elementor-swiper-button elementor-swiper-button-next\" role=\"button\" tabindex=\"0\">\n\t\t\t\t\t\t<svg aria-hidden=\"true\" class=\"e-font-icon-svg e-eicon-chevron-right\" viewBox=\"0 0 1000 1000\" xmlns=\"http:\/\/www.w3.org\/2000\/svg\"><path d=\"M696 533C708 521 713 504 713 487 713 471 708 454 696 446L400 146C388 133 375 125 354 125 338 125 325 129 313 142 300 154 292 171 292 187 292 204 296 221 308 233L563 492 304 771C292 783 288 800 288 817 288 833 296 850 308 863 321 871 338 875 354 875 371 875 388 867 400 854L696 533Z\"><\/path><\/svg>\t\t\t\t\t<\/div>\n\t\t\t\t\n\t\t\t\t\t\t\t\t\t<div class=\"swiper-pagination\"><\/div>\n\t\t\t\t\t\t\t\t\t<\/div>\n\t\t\t\t\t\t<\/div>\n\t\t\t\t<\/div>\n\t\t\t\t<div class=\"elementor-element elementor-element-0e959ff elementor-widget elementor-widget-heading\" data-id=\"0e959ff\" data-element_type=\"widget\" data-e-type=\"widget\" data-widget_type=\"heading.default\">\n\t\t\t\t<div class=\"elementor-widget-container\">\n\t\t\t\t\t<h2 class=\"elementor-heading-title elementor-size-default\">Especificaciones<\/h2>\t\t\t\t<\/div>\n\t\t\t\t<\/div>\n\t\t\t\t<div class=\"elementor-element elementor-element-8cad726 elementor-widget elementor-widget-n-accordion\" data-id=\"8cad726\" data-element_type=\"widget\" data-e-type=\"widget\" data-settings=\"{&quot;default_state&quot;:&quot;expanded&quot;,&quot;max_items_expended&quot;:&quot;one&quot;,&quot;n_accordion_animation_duration&quot;:{&quot;unit&quot;:&quot;ms&quot;,&quot;size&quot;:400,&quot;sizes&quot;:[]}}\" data-widget_type=\"nested-accordion.default\">\n\t\t\t\t<div class=\"elementor-widget-container\">\n\t\t\t\t\t\t\t<div class=\"e-n-accordion\" aria-label=\"Accordion. Open links with Enter or Space, close with Escape, and navigate with Arrow Keys\">\n\t\t\t\t\t\t<details id=\"e-n-accordion-item-1470\" class=\"e-n-accordion-item\" open>\n\t\t\t\t<summary class=\"e-n-accordion-item-title\" data-accordion-index=\"1\" tabindex=\"0\" aria-expanded=\"true\" aria-controls=\"e-n-accordion-item-1470\" >\n\t\t\t\t\t<span class='e-n-accordion-item-title-header'><div class=\"e-n-accordion-item-title-text\"> Puntos clave <\/div><\/span>\n\t\t\t\t\t\t\t<span class='e-n-accordion-item-title-icon'>\n\t\t\t<span class='e-opened' ><svg aria-hidden=\"true\" class=\"e-font-icon-svg e-fas-minus\" viewBox=\"0 0 448 512\" xmlns=\"http:\/\/www.w3.org\/2000\/svg\"><path d=\"M416 208H32c-17.67 0-32 14.33-32 32v32c0 17.67 14.33 32 32 32h384c17.67 0 32-14.33 32-32v-32c0-17.67-14.33-32-32-32z\"><\/path><\/svg><\/span>\n\t\t\t<span class='e-closed'><svg aria-hidden=\"true\" class=\"e-font-icon-svg e-fas-plus\" viewBox=\"0 0 448 512\" xmlns=\"http:\/\/www.w3.org\/2000\/svg\"><path d=\"M416 208H272V64c0-17.67-14.33-32-32-32h-32c-17.67 0-32 14.33-32 32v144H32c-17.67 0-32 14.33-32 32v32c0 17.67 14.33 32 32 32h144v144c0 17.67 14.33 32 32 32h32c17.67 0 32-14.33 32-32V304h144c17.67 0 32-14.33 32-32v-32c0-17.67-14.33-32-32-32z\"><\/path><\/svg><\/span>\n\t\t<\/span>\n\n\t\t\t\t\t\t<\/summary>\n\t\t\t\t<div role=\"region\" aria-labelledby=\"e-n-accordion-item-1470\" class=\"elementor-element elementor-element-6b297e0 e-con-full e-flex e-con e-child\" data-id=\"6b297e0\" data-element_type=\"container\" data-e-type=\"container\">\n\t\t\t\t<div class=\"elementor-element elementor-element-362fd7e elementor-widget elementor-widget-text-editor\" data-id=\"362fd7e\" data-element_type=\"widget\" data-e-type=\"widget\" data-widget_type=\"text-editor.default\">\n\t\t\t\t<div class=\"elementor-widget-container\">\n\t\t\t\t\t\t\t\t\t<ul><li class=\"product-overview__copy p -regular\">Un cuadro premium SmartForm C1 de aluminio &#8211; ligero, r\u00edgido y garantizado de por vida<\/li><li class=\"product-overview__copy p -regular\">Entrega de asistencia natural y una gran potencia en las subidas gracias al motor m\u00e1s potente de Bosch: el Performance CX.<\/li><li class=\"product-overview__copy p -regular\">La enorme bater\u00eda de 800\u202fWh ofrece una gran autonom\u00eda para rutas de largo recorrido.<\/li><li class=\"product-overview__copy p -regular\">Horquilla SR Suntour Zeron 36-X Boost de 160\u202fmm y amortiguador de aire RockShox Deluxe Select para una conducci\u00f3n suave y controlada.<\/li><li class=\"product-overview__copy p -regular\">Cambios precisos gracias a la transmisi\u00f3n Shimano CUES U6000 LinkGlide de 11 velocidades.<\/li><li class=\"product-overview__copy p -regular\">Frenada potente y progresiva gracias a los frenos de disco hidr\u00e1ulicos Tektro Gemini SL de 4 pistones, con discos de 203\u202fmm.<\/li><\/ul>\t\t\t\t\t\t\t\t<\/div>\n\t\t\t\t<\/div>\n\t\t\t\t<\/div>\n\t\t\t\t\t<\/details>\n\t\t\t\t\t<\/div>\n\t\t\t\t\t\t<\/div>\n\t\t\t\t<\/div>\n\t\t\t\t\t<\/div>\n\t\t\t\t<\/div>\n\t\t\t\t<\/div>\n\t\t\t\t\t<\/div>\n\t\t\t\t<\/div>\n\t\t\t\t<\/div>\n\t\t","protected":false},"excerpt":{"rendered":"<p>CANNONDALE MOTERRA 4 + CANNONDALE MOTERRA 4 + 80 \u20ac por d\u00eda La bicicleta de monta\u00f1a perfecta para terrenos desafiantes: cuadro de aluminio resistente y ligero, geometr\u00eda moderna para estabilidad y agilidad, ruedas de 29 pulgadas para mayor tracci\u00f3n, suspensi\u00f3n de 160 mm para descensos suaves y motor Bosch Performance Line CX para asistencia en [&hellip;]<\/p>\n","protected":false},"author":1,"featured_media":0,"parent":0,"menu_order":0,"comment_status":"closed","ping_status":"closed","template":"","meta":{"site-sidebar-layout":"no-sidebar","site-content-layout":"page-builder","ast-site-content-layout":"default","site-content-style":"default","site-sidebar-style":"default","ast-global-header-display":"","ast-banner-title-visibility":"","ast-main-header-display":"","ast-hfb-above-header-display":"","ast-hfb-below-header-display":"","ast-hfb-mobile-header-display":"","site-post-title":"disabled","ast-breadcrumbs-content":"","ast-featured-img":"disabled","footer-sml-layout":"","ast-disable-related-posts":"","theme-transparent-header-meta":"","adv-header-id-meta":"","stick-header-meta":"","header-above-stick-meta":"","header-main-stick-meta":"","header-below-stick-meta":"","astra-migrate-meta-layouts":"default","ast-page-background-enabled":"default","ast-page-background-meta":{"desktop":{"background-color":"var(--ast-global-color-4)","background-image":"","background-repeat":"repeat","background-position":"center center","background-size":"auto","background-attachment":"scroll","background-type":"","background-media":"","overlay-type":"","overlay-color":"","overlay-opacity":"","overlay-gradient":""},"tablet":{"background-color":"","background-image":"","background-repeat":"repeat","background-position":"center center","background-size":"auto","background-attachment":"scroll","background-type":"","background-media":"","overlay-type":"","overlay-color":"","overlay-opacity":"","overlay-gradient":""},"mobile":{"background-color":"","background-image":"","background-repeat":"repeat","background-position":"center center","background-size":"auto","background-attachment":"scroll","background-type":"","background-media":"","overlay-type":"","overlay-color":"","overlay-opacity":"","overlay-gradient":""}},"ast-content-background-meta":{"desktop":{"background-color":"var(--ast-global-color-5)","background-image":"","background-repeat":"repeat","background-position":"center center","background-size":"auto","background-attachment":"scroll","background-type":"","background-media":"","overlay-type":"","overlay-color":"","overlay-opacity":"","overlay-gradient":""},"tablet":{"background-color":"var(--ast-global-color-5)","background-image":"","background-repeat":"repeat","background-position":"center center","background-size":"auto","background-attachment":"scroll","background-type":"","background-media":"","overlay-type":"","overlay-color":"","overlay-opacity":"","overlay-gradient":""},"mobile":{"background-color":"var(--ast-global-color-5)","background-image":"","background-repeat":"repeat","background-position":"center center","background-size":"auto","background-attachment":"scroll","background-type":"","background-media":"","overlay-type":"","overlay-color":"","overlay-opacity":"","overlay-gradient":""}},"_joinchat":[],"footnotes":""},"class_list":["post-8505","page","type-page","status-publish","hentry"],"jetpack_sharing_enabled":true,"_links":{"self":[{"href":"https:\/\/adventure-bikerental.com\/ca\/wp-json\/wp\/v2\/pages\/8505","targetHints":{"allow":["GET"]}}],"collection":[{"href":"https:\/\/adventure-bikerental.com\/ca\/wp-json\/wp\/v2\/pages"}],"about":[{"href":"https:\/\/adventure-bikerental.com\/ca\/wp-json\/wp\/v2\/types\/page"}],"author":[{"embeddable":true,"href":"https:\/\/adventure-bikerental.com\/ca\/wp-json\/wp\/v2\/users\/1"}],"replies":[{"embeddable":true,"href":"https:\/\/adventure-bikerental.com\/ca\/wp-json\/wp\/v2\/comments?post=8505"}],"version-history":[{"count":23,"href":"https:\/\/adventure-bikerental.com\/ca\/wp-json\/wp\/v2\/pages\/8505\/revisions"}],"predecessor-version":[{"id":12369,"href":"https:\/\/adventure-bikerental.com\/ca\/wp-json\/wp\/v2\/pages\/8505\/revisions\/12369"}],"wp:attachment":[{"href":"https:\/\/adventure-bikerental.com\/ca\/wp-json\/wp\/v2\/media?parent=8505"}],"curies":[{"name":"wp","href":"https:\/\/api.w.org\/{rel}","templated":true}]}}