{"id":8411,"date":"2024-10-10T12:29:27","date_gmt":"2024-10-10T11:29:27","guid":{"rendered":"https:\/\/adventure-bikerental.com\/b-mondraker-chaser-rx\/"},"modified":"2025-01-13T17:12:42","modified_gmt":"2025-01-13T16:12:42","slug":"b-mondraker-chaser-rx-cat","status":"publish","type":"page","link":"https:\/\/adventure-bikerental.com\/ca\/b-mondraker-chaser-rx-cat\/","title":{"rendered":"B-MONDRAKER Chaser RX"},"content":{"rendered":"\t\t<div data-elementor-type=\"wp-page\" data-elementor-id=\"8411\" class=\"elementor elementor-8411 elementor-7161\" data-elementor-post-type=\"page\">\n\t\t\t\t<div class=\"elementor-element elementor-element-38a5726b e-con-full e-flex e-con e-parent\" data-id=\"38a5726b\" data-element_type=\"container\" data-e-type=\"container\" data-settings=\"{&quot;background_background&quot;:&quot;classic&quot;}\">\n\t\t<div class=\"elementor-element elementor-element-172cc369 e-flex e-con-boxed e-con e-child\" data-id=\"172cc369\" data-element_type=\"container\" data-e-type=\"container\">\n\t\t\t\t\t<div class=\"e-con-inner\">\n\t\t\t\t<div class=\"elementor-element elementor-element-73440036 elementor-widget__width-initial elementor-widget elementor-widget-heading\" data-id=\"73440036\" data-element_type=\"widget\" data-e-type=\"widget\" data-widget_type=\"heading.default\">\n\t\t\t\t<div class=\"elementor-widget-container\">\n\t\t\t\t\t<h1 class=\"elementor-heading-title elementor-size-default\">MONDRAKER Chaser RX<\/h1>\t\t\t\t<\/div>\n\t\t\t\t<\/div>\n\t\t\t\t\t<\/div>\n\t\t\t\t<\/div>\n\t\t\t\t<\/div>\n\t\t<div class=\"elementor-element elementor-element-69002dd e-flex e-con-boxed e-con e-parent\" data-id=\"69002dd\" data-element_type=\"container\" data-e-type=\"container\">\n\t\t\t\t\t<div class=\"e-con-inner\">\n\t\t<div class=\"elementor-element elementor-element-cd4eeb7 e-con-full e-flex e-con e-child\" data-id=\"cd4eeb7\" data-element_type=\"container\" data-e-type=\"container\">\n\t\t<div class=\"elementor-element elementor-element-e203126 e-flex e-con-boxed e-con e-child\" data-id=\"e203126\" data-element_type=\"container\" data-e-type=\"container\">\n\t\t\t\t\t<div class=\"e-con-inner\">\n\t\t\t\t<div class=\"elementor-element elementor-element-ef60d12 elementor-widget elementor-widget-image\" data-id=\"ef60d12\" data-element_type=\"widget\" data-e-type=\"widget\" data-widget_type=\"image.default\">\n\t\t\t\t<div class=\"elementor-widget-container\">\n\t\t\t\t\t\t\t\t\t\t\t\t\t\t\t<img fetchpriority=\"high\" decoding=\"async\" width=\"1024\" height=\"634\" src=\"https:\/\/adventure-bikerental.com\/wp-content\/uploads\/2024\/10\/1725445707-2600_66d8364b521e6268858290-chaser-c1-p-1024x634.jpg\" class=\"attachment-large size-large wp-image-8317\" alt=\"\" srcset=\"https:\/\/adventure-bikerental.com\/wp-content\/uploads\/2024\/10\/1725445707-2600_66d8364b521e6268858290-chaser-c1-p-1024x634.jpg 1024w, https:\/\/adventure-bikerental.com\/wp-content\/uploads\/2024\/10\/1725445707-2600_66d8364b521e6268858290-chaser-c1-p-300x186.jpg 300w, https:\/\/adventure-bikerental.com\/wp-content\/uploads\/2024\/10\/1725445707-2600_66d8364b521e6268858290-chaser-c1-p-768x476.jpg 768w, https:\/\/adventure-bikerental.com\/wp-content\/uploads\/2024\/10\/1725445707-2600_66d8364b521e6268858290-chaser-c1-p-1536x952.jpg 1536w, https:\/\/adventure-bikerental.com\/wp-content\/uploads\/2024\/10\/1725445707-2600_66d8364b521e6268858290-chaser-c1-p-2048x1269.jpg 2048w, https:\/\/adventure-bikerental.com\/wp-content\/uploads\/2024\/10\/1725445707-2600_66d8364b521e6268858290-chaser-c1-p-600x372.jpg 600w\" sizes=\"(max-width: 1024px) 100vw, 1024px\" \/>\t\t\t\t\t\t\t\t\t\t\t\t\t\t\t<\/div>\n\t\t\t\t<\/div>\n\t\t\t\t\t<\/div>\n\t\t\t\t<\/div>\n\t\t<div class=\"elementor-element elementor-element-3a6e5aa e-flex e-con-boxed e-con e-child\" data-id=\"3a6e5aa\" data-element_type=\"container\" data-e-type=\"container\">\n\t\t\t\t\t<div class=\"e-con-inner\">\n\t\t\t\t<div class=\"elementor-element elementor-element-384530a elementor-widget elementor-widget-heading\" data-id=\"384530a\" data-element_type=\"widget\" data-e-type=\"widget\" data-widget_type=\"heading.default\">\n\t\t\t\t<div class=\"elementor-widget-container\">\n\t\t\t\t\t<h2 class=\"elementor-heading-title elementor-size-default\">MONDRAKER Chaser RX<\/h2>\t\t\t\t<\/div>\n\t\t\t\t<\/div>\n\t\t<div class=\"elementor-element elementor-element-0d1a6c0 e-flex e-con-boxed e-con e-child\" data-id=\"0d1a6c0\" data-element_type=\"container\" data-e-type=\"container\">\n\t\t\t\t\t<div class=\"e-con-inner\">\n\t\t\t\t<div class=\"elementor-element elementor-element-cce6dab elementor-widget__width-initial elementor-widget elementor-widget-heading\" data-id=\"cce6dab\" data-element_type=\"widget\" data-e-type=\"widget\" data-widget_type=\"heading.default\">\n\t\t\t\t<div class=\"elementor-widget-container\">\n\t\t\t\t\t<h2 class=\"elementor-heading-title elementor-size-default\">95 \u20ac\n<\/h2>\t\t\t\t<\/div>\n\t\t\t\t<\/div>\n\t\t\t\t<div class=\"elementor-element elementor-element-de27323 elementor-widget__width-initial elementor-widget elementor-widget-heading\" data-id=\"de27323\" data-element_type=\"widget\" data-e-type=\"widget\" data-widget_type=\"heading.default\">\n\t\t\t\t<div class=\"elementor-widget-container\">\n\t\t\t\t\t<h2 class=\"elementor-heading-title elementor-size-default\">per dia<\/h2>\t\t\t\t<\/div>\n\t\t\t\t<\/div>\n\t\t\t\t\t<\/div>\n\t\t\t\t<\/div>\n\t\t\t\t<div class=\"elementor-element elementor-element-cca48fe elementor-widget elementor-widget-text-editor\" data-id=\"cca48fe\" data-element_type=\"widget\" data-e-type=\"widget\" data-widget_type=\"text-editor.default\">\n\t\t\t\t<div class=\"elementor-widget-container\">\n\t\t\t\t\t\t\t\t\t<p><span>La bicicleta de muntanya perfecta de 750wh per a terrenys desafiadors: quadre d&#8217;alumini resistent i lleuger, geometria moderna per a estabilitat i agilitat, rodes de 29 polzades per a m\u00e9s tracci\u00f3, suspensi\u00f3 de 160 mm per a descensos suaus i motor Bosch Performance Line CX per assist\u00e8ncia al ascens. Una m\u00e0quina tot terreny per a aventures extremes!<\/span><\/p><p><span>Si busques una bicicleta de muntanya capa\u00e7 d&#8217;enfrontar els desafiaments m\u00e9s exigents i gaudir-ne al m\u00e0xim amb total seguretat, \u00e9s l&#8217;elecci\u00f3 perfecta per a tu.<\/span><\/p>\t\t\t\t\t\t\t\t<\/div>\n\t\t\t\t<\/div>\n\t\t\t\t\t<\/div>\n\t\t\t\t<\/div>\n\t\t\t\t<\/div>\n\t\t<div class=\"elementor-element elementor-element-5a41558 e-con-full e-flex e-con e-child\" data-id=\"5a41558\" data-element_type=\"container\" data-e-type=\"container\">\n\t\t<div class=\"elementor-element elementor-element-a0e2e36 e-flex e-con-boxed e-con e-child\" data-id=\"a0e2e36\" data-element_type=\"container\" data-e-type=\"container\">\n\t\t\t\t\t<div class=\"e-con-inner\">\n\t\t\t\t<div class=\"elementor-element elementor-element-ad430ae elementor-widget elementor-widget-heading\" data-id=\"ad430ae\" data-element_type=\"widget\" data-e-type=\"widget\" data-widget_type=\"heading.default\">\n\t\t\t\t<div class=\"elementor-widget-container\">\n\t\t\t\t\t<h2 class=\"elementor-heading-title elementor-size-default\">Trieu la vostra talla\n<\/h2>\t\t\t\t<\/div>\n\t\t\t\t<\/div>\n\t\t<div class=\"elementor-element elementor-element-a236802 e-grid e-con-boxed e-con e-child\" data-id=\"a236802\" data-element_type=\"container\" data-e-type=\"container\">\n\t\t\t\t\t<div class=\"e-con-inner\">\n\t\t\t\t<div class=\"elementor-element elementor-element-8958fe1 elementor-widget elementor-widget-button\" data-id=\"8958fe1\" data-element_type=\"widget\" data-e-type=\"widget\" data-widget_type=\"button.default\">\n\t\t\t\t<div class=\"elementor-widget-container\">\n\t\t\t\t\t\t\t\t\t<div class=\"elementor-button-wrapper\">\n\t\t\t\t\t<a class=\"elementor-button elementor-button-link elementor-size-sm\" href=\"https:\/\/adventure-bikerental.com\/ca\/producto\/mondraker-chaser-rx-m\/\">\n\t\t\t\t\t\t<span class=\"elementor-button-content-wrapper\">\n\t\t\t\t\t\t\t\t\t<span class=\"elementor-button-text\">M<\/span>\n\t\t\t\t\t<\/span>\n\t\t\t\t\t<\/a>\n\t\t\t\t<\/div>\n\t\t\t\t\t\t\t\t<\/div>\n\t\t\t\t<\/div>\n\t\t\t\t\t<\/div>\n\t\t\t\t<\/div>\n\t\t\t\t<div class=\"elementor-element elementor-element-d984024 elementor-widget elementor-widget-image\" data-id=\"d984024\" data-element_type=\"widget\" data-e-type=\"widget\" data-widget_type=\"image.default\">\n\t\t\t\t<div class=\"elementor-widget-container\">\n\t\t\t\t\t\t\t\t\t\t\t\t\t\t\t<img decoding=\"async\" width=\"802\" height=\"141\" src=\"https:\/\/adventure-bikerental.com\/wp-content\/uploads\/2023\/09\/medidas-mondraker-e1694774938746.png\" class=\"attachment-full size-full wp-image-8062\" alt=\"\" srcset=\"https:\/\/adventure-bikerental.com\/wp-content\/uploads\/2023\/09\/medidas-mondraker-e1694774938746.png 802w, https:\/\/adventure-bikerental.com\/wp-content\/uploads\/2023\/09\/medidas-mondraker-e1694774938746-300x53.png 300w, https:\/\/adventure-bikerental.com\/wp-content\/uploads\/2023\/09\/medidas-mondraker-e1694774938746-768x135.png 768w, https:\/\/adventure-bikerental.com\/wp-content\/uploads\/2023\/09\/medidas-mondraker-e1694774938746-600x105.png 600w\" sizes=\"(max-width: 802px) 100vw, 802px\" \/>\t\t\t\t\t\t\t\t\t\t\t\t\t\t\t<\/div>\n\t\t\t\t<\/div>\n\t\t\t\t\t<\/div>\n\t\t\t\t<\/div>\n\t\t<div class=\"elementor-element elementor-element-d8e3d04 e-flex e-con-boxed e-con e-child\" data-id=\"d8e3d04\" data-element_type=\"container\" data-e-type=\"container\">\n\t\t\t\t\t<div class=\"e-con-inner\">\n\t\t\t\t<div class=\"elementor-element elementor-element-0ff0237 elementor-arrows-position-inside elementor-pagination-position-outside elementor-widget elementor-widget-image-carousel\" data-id=\"0ff0237\" data-element_type=\"widget\" data-e-type=\"widget\" data-settings=\"{&quot;slides_to_show&quot;:&quot;3&quot;,&quot;image_spacing_custom&quot;:{&quot;unit&quot;:&quot;px&quot;,&quot;size&quot;:26,&quot;sizes&quot;:[]},&quot;navigation&quot;:&quot;both&quot;,&quot;autoplay&quot;:&quot;yes&quot;,&quot;pause_on_hover&quot;:&quot;yes&quot;,&quot;pause_on_interaction&quot;:&quot;yes&quot;,&quot;autoplay_speed&quot;:5000,&quot;infinite&quot;:&quot;yes&quot;,&quot;speed&quot;:500,&quot;image_spacing_custom_tablet&quot;:{&quot;unit&quot;:&quot;px&quot;,&quot;size&quot;:&quot;&quot;,&quot;sizes&quot;:[]},&quot;image_spacing_custom_mobile&quot;:{&quot;unit&quot;:&quot;px&quot;,&quot;size&quot;:&quot;&quot;,&quot;sizes&quot;:[]}}\" data-widget_type=\"image-carousel.default\">\n\t\t\t\t<div class=\"elementor-widget-container\">\n\t\t\t\t\t\t\t<div class=\"elementor-image-carousel-wrapper swiper\" role=\"region\" aria-roledescription=\"carousel\" aria-label=\"Carrusel d&#039;imatges\" dir=\"ltr\">\n\t\t\t<div class=\"elementor-image-carousel swiper-wrapper\" aria-live=\"off\">\n\t\t\t\t\t\t\t\t<div class=\"swiper-slide\" role=\"group\" aria-roledescription=\"slide\" aria-label=\"1 de 3\"><figure class=\"swiper-slide-inner\"><img decoding=\"async\" class=\"swiper-slide-image\" src=\"https:\/\/adventure-bikerental.com\/wp-content\/uploads\/2024\/10\/1725445707-2600_66d8364b521e6268858290-chaser-c1-p.jpg\" alt=\"1725445707-2600_66d8364b521e6268858290-chaser-c1-p\" \/><\/figure><\/div><div class=\"swiper-slide\" role=\"group\" aria-roledescription=\"slide\" aria-label=\"2 de 3\"><figure class=\"swiper-slide-inner\"><img decoding=\"async\" class=\"swiper-slide-image\" src=\"https:\/\/adventure-bikerental.com\/wp-content\/uploads\/2024\/10\/1725445708-2600_66d8364ca1059098716712-chaser-c1-t.jpg\" alt=\"1725445708-2600_66d8364ca1059098716712-chaser-c1-t\" \/><\/figure><\/div><div class=\"swiper-slide\" role=\"group\" aria-roledescription=\"slide\" aria-label=\"3 de 3\"><figure class=\"swiper-slide-inner\"><img decoding=\"async\" class=\"swiper-slide-image\" src=\"https:\/\/adventure-bikerental.com\/wp-content\/uploads\/2024\/10\/1725445707-2600_66d8364b4aae1693182349-chaser-c1-d.jpg\" alt=\"1725445707-2600_66d8364b4aae1693182349-chaser-c1-d\" \/><\/figure><\/div>\t\t\t<\/div>\n\t\t\t\t\t\t\t\t\t\t\t\t<div class=\"elementor-swiper-button elementor-swiper-button-prev\" role=\"button\" tabindex=\"0\">\n\t\t\t\t\t\t<svg aria-hidden=\"true\" class=\"e-font-icon-svg e-eicon-chevron-left\" viewBox=\"0 0 1000 1000\" xmlns=\"http:\/\/www.w3.org\/2000\/svg\"><path d=\"M646 125C629 125 613 133 604 142L308 442C296 454 292 471 292 487 292 504 296 521 308 533L604 854C617 867 629 875 646 875 663 875 679 871 692 858 704 846 713 829 713 812 713 796 708 779 692 767L438 487 692 225C700 217 708 204 708 187 708 171 704 154 692 142 675 129 663 125 646 125Z\"><\/path><\/svg>\t\t\t\t\t<\/div>\n\t\t\t\t\t<div class=\"elementor-swiper-button elementor-swiper-button-next\" role=\"button\" tabindex=\"0\">\n\t\t\t\t\t\t<svg aria-hidden=\"true\" class=\"e-font-icon-svg e-eicon-chevron-right\" viewBox=\"0 0 1000 1000\" xmlns=\"http:\/\/www.w3.org\/2000\/svg\"><path d=\"M696 533C708 521 713 504 713 487 713 471 708 454 696 446L400 146C388 133 375 125 354 125 338 125 325 129 313 142 300 154 292 171 292 187 292 204 296 221 308 233L563 492 304 771C292 783 288 800 288 817 288 833 296 850 308 863 321 871 338 875 354 875 371 875 388 867 400 854L696 533Z\"><\/path><\/svg>\t\t\t\t\t<\/div>\n\t\t\t\t\n\t\t\t\t\t\t\t\t\t<div class=\"swiper-pagination\"><\/div>\n\t\t\t\t\t\t\t\t\t<\/div>\n\t\t\t\t\t\t<\/div>\n\t\t\t\t<\/div>\n\t\t\t\t\t<\/div>\n\t\t\t\t<\/div>\n\t\t\t\t<\/div>\n\t\t\t\t\t<\/div>\n\t\t\t\t<\/div>\n\t\t\t\t<\/div>\n\t\t","protected":false},"excerpt":{"rendered":"<p>MONDRAKER Chaser RX MONDRAKER Chaser RX 95 \u20ac per dia La bicicleta de muntanya perfecta de 750wh per a terrenys desafiadors: quadre d&#8217;alumini resistent i lleuger, geometria moderna per a estabilitat i agilitat, rodes de 29 polzades per a m\u00e9s tracci\u00f3, suspensi\u00f3 de 160 mm per a descensos suaus i motor Bosch Performance Line CX [&hellip;]<\/p>\n","protected":false},"author":125,"featured_media":0,"parent":0,"menu_order":0,"comment_status":"closed","ping_status":"closed","template":"","meta":{"site-sidebar-layout":"no-sidebar","site-content-layout":"page-builder","ast-site-content-layout":"default","site-content-style":"default","site-sidebar-style":"default","ast-global-header-display":"","ast-banner-title-visibility":"","ast-main-header-display":"","ast-hfb-above-header-display":"","ast-hfb-below-header-display":"","ast-hfb-mobile-header-display":"","site-post-title":"disabled","ast-breadcrumbs-content":"","ast-featured-img":"disabled","footer-sml-layout":"","ast-disable-related-posts":"","theme-transparent-header-meta":"","adv-header-id-meta":"","stick-header-meta":"","header-above-stick-meta":"","header-main-stick-meta":"","header-below-stick-meta":"","astra-migrate-meta-layouts":"default","ast-page-background-enabled":"default","ast-page-background-meta":{"desktop":{"background-color":"var(--ast-global-color-4)","background-image":"","background-repeat":"repeat","background-position":"center center","background-size":"auto","background-attachment":"scroll","background-type":"","background-media":"","overlay-type":"","overlay-color":"","overlay-opacity":"","overlay-gradient":""},"tablet":{"background-color":"","background-image":"","background-repeat":"repeat","background-position":"center center","background-size":"auto","background-attachment":"scroll","background-type":"","background-media":"","overlay-type":"","overlay-color":"","overlay-opacity":"","overlay-gradient":""},"mobile":{"background-color":"","background-image":"","background-repeat":"repeat","background-position":"center center","background-size":"auto","background-attachment":"scroll","background-type":"","background-media":"","overlay-type":"","overlay-color":"","overlay-opacity":"","overlay-gradient":""}},"ast-content-background-meta":{"desktop":{"background-color":"var(--ast-global-color-5)","background-image":"","background-repeat":"repeat","background-position":"center center","background-size":"auto","background-attachment":"scroll","background-type":"","background-media":"","overlay-type":"","overlay-color":"","overlay-opacity":"","overlay-gradient":""},"tablet":{"background-color":"var(--ast-global-color-5)","background-image":"","background-repeat":"repeat","background-position":"center center","background-size":"auto","background-attachment":"scroll","background-type":"","background-media":"","overlay-type":"","overlay-color":"","overlay-opacity":"","overlay-gradient":""},"mobile":{"background-color":"var(--ast-global-color-5)","background-image":"","background-repeat":"repeat","background-position":"center center","background-size":"auto","background-attachment":"scroll","background-type":"","background-media":"","overlay-type":"","overlay-color":"","overlay-opacity":"","overlay-gradient":""}},"_joinchat":[],"footnotes":""},"class_list":["post-8411","page","type-page","status-publish","hentry"],"jetpack_sharing_enabled":true,"_links":{"self":[{"href":"https:\/\/adventure-bikerental.com\/ca\/wp-json\/wp\/v2\/pages\/8411","targetHints":{"allow":["GET"]}}],"collection":[{"href":"https:\/\/adventure-bikerental.com\/ca\/wp-json\/wp\/v2\/pages"}],"about":[{"href":"https:\/\/adventure-bikerental.com\/ca\/wp-json\/wp\/v2\/types\/page"}],"author":[{"embeddable":true,"href":"https:\/\/adventure-bikerental.com\/ca\/wp-json\/wp\/v2\/users\/125"}],"replies":[{"embeddable":true,"href":"https:\/\/adventure-bikerental.com\/ca\/wp-json\/wp\/v2\/comments?post=8411"}],"version-history":[{"count":8,"href":"https:\/\/adventure-bikerental.com\/ca\/wp-json\/wp\/v2\/pages\/8411\/revisions"}],"predecessor-version":[{"id":8852,"href":"https:\/\/adventure-bikerental.com\/ca\/wp-json\/wp\/v2\/pages\/8411\/revisions\/8852"}],"wp:attachment":[{"href":"https:\/\/adventure-bikerental.com\/ca\/wp-json\/wp\/v2\/media?parent=8411"}],"curies":[{"name":"wp","href":"https:\/\/api.w.org\/{rel}","templated":true}]}}